{"id":3,"date":"2009-10-30T12:53:08","date_gmt":"2009-10-30T11:53:08","guid":{"rendered":"http:\/\/www.fareedaanklin.ch\/de\/?page_id=3"},"modified":"2021-01-09T16:20:25","modified_gmt":"2021-01-09T15:20:25","slug":"home","status":"publish","type":"page","link":"https:\/\/www.fareedaanklin.ch\/de\/","title":{"rendered":"Home"},"content":{"rendered":"\n<p class=\"warning\"><strong>Warnung:<\/strong> Momentan sind die 4D-US eingesttelt.<\/p>\n\n\n<h2><img loading=\"lazy\" class=\"alignright wp-image-390 size-full\" src=\"https:\/\/www.fareedaanklin.ch\/de\/wp-content\/uploads\/2018\/11\/label-10jahre-200x217px.png\" alt=\"\" width=\"217\" height=\"200\"><\/h2>\n<h2><span style=\"font-size: medium;\">Erwarten Sie ein freudiges Ereignis?<br>\nDrehen Sie mit uns den ersten richtigen Film von Ihrem Kind!<\/span><\/h2>\n<p>In der Praxis von Dr. Michel Anklin,&nbsp;&nbsp;FMH-Facharzt f\u00fcr Gyn\u00e4kologie und Geburtshilfe, k\u00f6nnen &nbsp;Sie einen <strong>4D-Ultraschall zur Erinnerung<\/strong> machen lassen (am besten zwischen der 25. und 30. Schwangerschaftswoche).<\/p>\n<p>Dieses Erinnerungsvideo ersetzt nat\u00fcrlich keine medizinische Ultraschall-Untersuchung durch Dr. Michel Anklin oder Ihren behandelnden Gyn\u00e4kologen.<\/p>\n<p>Seit \u00fcber 30 Jahren basiert der Erfolg der f\u00f6talen Sonographie weltweit auf ihrer Unsch\u00e4dlichkeit. Es wird keine medizinische Diagnose erstellt, die Ihnen ausgeh\u00e4ndigte DVD und die Fotos haben einen reinen Errinerungswert.<\/p>","protected":false},"excerpt":{"rendered":"<p>Warnung: Momentan sind die 4D-US eingesttelt. Erwarten Sie ein freudiges Ereignis? Drehen Sie mit uns den ersten richtigen Film von Ihrem Kind! In der Praxis von Dr. Michel Anklin,&nbsp;&nbsp;FMH-Facharzt f\u00fcr Gyn\u00e4kologie und Geburtshilfe, k\u00f6nnen &nbsp;Sie einen 4D-Ultraschall zur Erinnerung machen lassen (am besten zwischen der 25. und 30. Schwangerschaftswoche). Dieses Erinnerungsvideo ersetzt nat\u00fcrlich keine medizinische [&hellip;]<\/p>\n","protected":false},"author":1,"featured_media":0,"parent":0,"menu_order":0,"comment_status":"open","ping_status":"open","template":"","meta":{"ngg_post_thumbnail":0},"_links":{"self":[{"href":"https:\/\/www.fareedaanklin.ch\/de\/wp-json\/wp\/v2\/pages\/3"}],"collection":[{"href":"https:\/\/www.fareedaanklin.ch\/de\/wp-json\/wp\/v2\/pages"}],"about":[{"href":"https:\/\/www.fareedaanklin.ch\/de\/wp-json\/wp\/v2\/types\/page"}],"author":[{"embeddable":true,"href":"https:\/\/www.fareedaanklin.ch\/de\/wp-json\/wp\/v2\/users\/1"}],"replies":[{"embeddable":true,"href":"https:\/\/www.fareedaanklin.ch\/de\/wp-json\/wp\/v2\/comments?post=3"}],"version-history":[{"count":15,"href":"https:\/\/www.fareedaanklin.ch\/de\/wp-json\/wp\/v2\/pages\/3\/revisions"}],"predecessor-version":[{"id":425,"href":"https:\/\/www.fareedaanklin.ch\/de\/wp-json\/wp\/v2\/pages\/3\/revisions\/425"}],"wp:attachment":[{"href":"https:\/\/www.fareedaanklin.ch\/de\/wp-json\/wp\/v2\/media?parent=3"}],"curies":[{"name":"wp","href":"https:\/\/api.w.org\/{rel}","templated":true}]}}