{"id":69,"date":"2009-10-30T15:48:18","date_gmt":"2009-10-30T14:48:18","guid":{"rendered":"http:\/\/www.fareedaanklin.ch\/de\/?page_id=69"},"modified":"2009-10-30T16:23:59","modified_gmt":"2009-10-30T15:23:59","slug":"rechtsvermerke","status":"publish","type":"page","link":"http:\/\/www.fareedaanklin.ch\/de\/rechtsvermerke\/","title":{"rendered":"Rechtsvermerke"},"content":{"rendered":"<h2>Rechtsvermerke<\/h2>\n<h3>Allgemeine Nutzungsbedingungen f\u00fcr die Homepage www.fareedaanklin.ch<\/h3>\n<p>Die vorliegenden Allgemeinen Nutzungsbedingungen beinhalten die Modalit\u00e4ten und Bedingungen, zu denen die f\u00fcr die Homepage verantwortlichen Personen (im Folgenden \u201eWir\/Uns\u201c genannt) den Service zur Verf\u00fcgung stellen und die f\u00fcr den Zugriff und die Nutzung der Homepage durch Dritte (im Folgenden \u201eSie\/Ihnen\u201c genannt) gelten. Wir betreiben eine Internetseite unter der Bezeichnung fareedaanklin.ch (im Folgenden die \u201eHomepage\u201c genannt), die unter der Internet-Adresse http:\/\/www.fareedaanklin.ch zug\u00e4nglich ist und auf der verschiedene Serviceleistungen angeboten werden, deren Funktion auf der Homepage erl\u00e4utert wird. Durch Ihren Zugriff auf die Homepage (Nutzung von Dienstleistungen und\/oder lediglich Einsichtnahme) akzeptieren Sie die folgenden Allgemeinen Nutzungsbedingungen, die jederzeit ohne Vorank\u00fcndigung ge\u00e4ndert werden k\u00f6nnen, ohne jegliche Bedingungen oder Vorbehalte. Wir empfehlen Ihnen daher, regelm\u00e4ssig die aktuelle Version der Allgemeinen Nutzungsbedingungen, die auf der Homepage zur Verf\u00fcgung steht, nachzulesen. Bei Fragen zu den Allgemeinen Nutzungsbedingungen senden Sie bitte eine E-Mail an die folgende Adresse: info@fareedaanklin.ch.<\/p>\n<h3>Links und Informationen auf der Homepage<\/h3>\n<p>Auf der Homepage sind gegebenenfalls Angaben von Anbietern oder Links zu Websites Dritter vorhanden, die zu Internet-Seiten f\u00fchren, f\u00fcr die wir nicht verantwortlich sind. Wir \u00fcbernehmen keinerlei Haftung f\u00fcr den Inhalt der Seiten, auf die Sie \u00fcber die Links auf der Homepage gelangen k\u00f6nnen. Das Vorhandensein von aktiven Links auf der Homepage impliziert in keinem Fall, dass wir eine Kontrolle aus\u00fcben oder dass wir den Inhalten der verlinkten Webseiten zustimmen. Die Kontaktangaben zu Anbietern und die Informationen \u00fcber ihre Dienstleistungen auf der Homepage haben den ausschliesslichen Zweck, Ihnen erste Informationen zur Verf\u00fcgung zu stellen, ohne dass wir diesbez\u00fcglich eine Gew\u00e4hr f\u00fcr die Qualit\u00e4t oder die Eignung der von diesen Anbietern angebotenen Waren oder Dienstleistungen \u00fcbernehmen. Die auf der Homepage verf\u00fcgbaren Informationen werden ohne jegliche implizite oder explizite Gew\u00e4hr in Bezug auf Vollst\u00e4ndigkeit, Richtigkeit und\/oder Eignung f\u00fcr einen bestimmten Zweck zur Verf\u00fcgung gestellt.<\/p>\n<h3>Garantien und Haftungsbeschr\u00e4nkung<\/h3>\n<p>Wir verpflichten uns, alle angemessenen Massnahmen zu ergreifen, um die Bereitstellung der angebotenen Leistungen im besten Umfang zu gew\u00e4hrleisten. Vorbehaltlich der geltenden gesetzlichen Bestimmungen anerkennen und best\u00e4tigen Sie hiermit ausdr\u00fccklich, dass die Homepage (einschliesslich aller dar\u00fcber zug\u00e4nglichen Informationen) Ihnen so zur Verf\u00fcgung gestellt wird, wie sie ist, ohne explizite oder implizierte Garantie unsererseits. Ihre Nutzung erfolgt auf eigenes Risiko und auf eigene Gefahr, unter Ihrer alleinigen Verantwortung. Wir \u00fcbernehmen keine Gew\u00e4hr daf\u00fcr, dass die Homepage, ihre Inhalte und die angebotenen Produkte Ihren Erwartungen in vollem Umfang entsprechen, dass die Seite ohne Unterbrechungen und Fehler funktioniert, dass diese Unterbrechungen oder Fehler behoben werden und dass die Homepage keinen Virus enth\u00e4lt. Alle im Rahmen der Nutzung unserer Homepage, unabh\u00e4ngig davon, auf welche Art und Weise heruntergeladenen und\/oder erhaltenen Materialien erhalten Sie auf eigenes Risiko und eigene Gefahr, wir k\u00f6nnen keinerlei Haftung f\u00fcr Sch\u00e4den an Ihrer EDV-Ausstattung \u00fcbernehmen. IM RAHMEN DER GESETZLICHEN VORSCHRIFTEN ODER BESTIMMUNGEN \u00dcBERNEHMEN WIR KEINERLEI HAFTUNG F\u00dcR DIREKTE ODER INDIREKTE SCH\u00c4DEN, DARUNTER INSBESONDERE: GEWINNAUSFALL, KUNDENVERLUST, DATENVERLUST, SACHSCH\u00c4DEN DURCH DIE NUTZUNG (ODER DIE NICHT M\u00d6GLICHE NUTZUNG) DER HOMEPAGE ODER DURCH DIE WEITERLEITUNG DRITTER AUF DIE SEITE SOWIE IM ALLGEMEINEN F\u00dcR ALLE EREIGNISSE, DIE EINE VERBINDUNG MIT DER HOMEPAGE HABEN. AUSSERDEM \u00dcBERNEHMEN WIR KEINERLEI HAFTUNG F\u00dcR DIE IM INTERNET VERF\u00dcGBAREN DIENSTLEISTUNGEN. WIR \u00dcBERNEHMEN KEINERLEI HAFTUNG F\u00dcR EINE NUTZUNG DER SEITE, DIE NICHT ENTSPRECHEND DEN VORLIEGENDEN ALLGEMEINEN NUZTUNGSBESTIMMUNGEN ERFOLGT.<\/p>\n<h3>Urheberrecht<\/h3>\n<p>Die Homepage ist urheberrechtlich gesch\u00fctzt. Die Urheberrechte f\u00fcr die Homepage bleiben jederzeit unser ausschliessliches Eigentum, bzw. das unserer Partner und\/oder Tochtergesellschaften. Die Nutzung der Homepage verleiht Ihnen keinerlei Rechte. Infolgedessen ist es nicht zul\u00e4ssig, Texte, Bilder, T\u00f6ne, Fotos, Daten, Marken und sonstige auf der Homepage enthaltene Inhalte ganz oder teilweise herunterladen, es sei denn zu rein privaten Zwecken. Die vollst\u00e4ndige oder auszugsweise Nutzung, die Weiterleitung, der Vertrieb, die Vervielf\u00e4ltigung oder die Vorf\u00fchrung von Inhalten der Homepage zu anderen als privaten Zwecken ist ohne die ausdr\u00fcckliche, vorherige Genehmigung untersagt und stellt eine Verletzung des Urheberrechts und\/oder eine Verletzung verwandter Schutzrechte dar. Sie verpflichten sich zudem, die Marken, Logos oder andere Warenzeichen (Firmenbezeichnungen, Handelsnamen etc.), insbesondere fareedaanklin.ch, in unserem Besitz weder vollst\u00e4ndig, noch auszugsweise ohne unsere ausdr\u00fcckliche, vorherige Zustimmung zu verwenden oder zu weiterzugeben.<\/p>\n","protected":false},"excerpt":{"rendered":"<p>Rechtsvermerke Allgemeine Nutzungsbedingungen f\u00fcr die Homepage www.fareedaanklin.ch Die vorliegenden Allgemeinen Nutzungsbedingungen beinhalten die Modalit\u00e4ten und Bedingungen, zu denen die f\u00fcr die Homepage verantwortlichen Personen (im Folgenden \u201eWir\/Uns\u201c genannt) den Service zur Verf\u00fcgung stellen und die f\u00fcr den Zugriff und die Nutzung der Homepage durch Dritte (im Folgenden \u201eSie\/Ihnen\u201c genannt) gelten. Wir betreiben eine Internetseite unter [&hellip;]<\/p>\n","protected":false},"author":1,"featured_media":0,"parent":0,"menu_order":10,"comment_status":"open","ping_status":"open","template":"","meta":{"ngg_post_thumbnail":0},"_links":{"self":[{"href":"http:\/\/www.fareedaanklin.ch\/de\/wp-json\/wp\/v2\/pages\/69"}],"collection":[{"href":"http:\/\/www.fareedaanklin.ch\/de\/wp-json\/wp\/v2\/pages"}],"about":[{"href":"http:\/\/www.fareedaanklin.ch\/de\/wp-json\/wp\/v2\/types\/page"}],"author":[{"embeddable":true,"href":"http:\/\/www.fareedaanklin.ch\/de\/wp-json\/wp\/v2\/users\/1"}],"replies":[{"embeddable":true,"href":"http:\/\/www.fareedaanklin.ch\/de\/wp-json\/wp\/v2\/comments?post=69"}],"version-history":[{"count":3,"href":"http:\/\/www.fareedaanklin.ch\/de\/wp-json\/wp\/v2\/pages\/69\/revisions"}],"predecessor-version":[{"id":71,"href":"http:\/\/www.fareedaanklin.ch\/de\/wp-json\/wp\/v2\/pages\/69\/revisions\/71"}],"wp:attachment":[{"href":"http:\/\/www.fareedaanklin.ch\/de\/wp-json\/wp\/v2\/media?parent=69"}],"curies":[{"name":"wp","href":"https:\/\/api.w.org\/{rel}","templated":true}]}}